{"id":638,"date":"2023-07-31T12:36:21","date_gmt":"2023-07-31T15:36:21","guid":{"rendered":"https:\/\/gapsolution.com.br\/?page_id=638"},"modified":"2023-09-22T18:39:55","modified_gmt":"2023-09-22T21:39:55","slug":"gap-service","status":"publish","type":"page","link":"https:\/\/gapsolution.com.br\/?page_id=638","title":{"rendered":"Gap Service"},"content":{"rendered":"\t\t<div data-elementor-type=\"wp-page\" data-elementor-id=\"638\" class=\"elementor elementor-638\" data-elementor-post-type=\"page\">\n\t\t\t\t\t\t<section data-particle_enable=\"false\" data-particle-mobile-disabled=\"false\" class=\"elementor-section elementor-top-section elementor-element elementor-element-5ae4c267 elementor-section-boxed elementor-section-height-default elementor-section-height-default\" data-id=\"5ae4c267\" data-element_type=\"section\" data-e-type=\"section\" data-settings=\"{&quot;background_background&quot;:&quot;classic&quot;}\">\n\t\t\t\t\t\t\t<div class=\"elementor-background-overlay\"><\/div>\n\t\t\t\t\t\t\t<div class=\"elementor-container elementor-column-gap-default\">\n\t\t\t\t\t<div class=\"elementor-column elementor-col-100 elementor-top-column elementor-element elementor-element-4b712845\" data-id=\"4b712845\" data-element_type=\"column\" data-e-type=\"column\">\n\t\t\t<div class=\"elementor-widget-wrap elementor-element-populated\">\n\t\t\t\t\t\t<div class=\"elementor-element elementor-element-3ba5f09 elementor-widget elementor-widget-image\" data-id=\"3ba5f09\" data-element_type=\"widget\" data-e-type=\"widget\" data-widget_type=\"image.default\">\n\t\t\t\t<div class=\"elementor-widget-container\">\n\t\t\t\t\t\t\t\t\t\t\t\t\t\t\t<img fetchpriority=\"high\" decoding=\"async\" width=\"800\" height=\"128\" src=\"https:\/\/gapsolution.com.br\/wp-content\/uploads\/2023\/09\/GAP-Service.png\" class=\"attachment-large size-large wp-image-816\" alt=\"\" srcset=\"https:\/\/gapsolution.com.br\/wp-content\/uploads\/2023\/09\/GAP-Service.png 800w, https:\/\/gapsolution.com.br\/wp-content\/uploads\/2023\/09\/GAP-Service-300x48.png 300w, https:\/\/gapsolution.com.br\/wp-content\/uploads\/2023\/09\/GAP-Service-768x123.png 768w\" sizes=\"(max-width: 800px) 100vw, 800px\" \/>\t\t\t\t\t\t\t\t\t\t\t\t\t\t\t<\/div>\n\t\t\t\t<\/div>\n\t\t\t\t\t<\/div>\n\t\t<\/div>\n\t\t\t\t\t<\/div>\n\t\t<\/section>\n\t\t\t\t<section data-particle_enable=\"false\" data-particle-mobile-disabled=\"false\" class=\"elementor-section elementor-top-section elementor-element elementor-element-3ec6a02 elementor-section-boxed elementor-section-height-default elementor-section-height-default\" data-id=\"3ec6a02\" data-element_type=\"section\" data-e-type=\"section\" data-settings=\"{&quot;background_background&quot;:&quot;classic&quot;}\">\n\t\t\t\t\t\t<div class=\"elementor-container elementor-column-gap-default\">\n\t\t\t\t\t<div class=\"elementor-column elementor-col-100 elementor-top-column elementor-element elementor-element-4ae6aae3\" data-id=\"4ae6aae3\" data-element_type=\"column\" data-e-type=\"column\">\n\t\t\t<div class=\"elementor-widget-wrap elementor-element-populated\">\n\t\t\t\t\t\t<section data-particle_enable=\"false\" data-particle-mobile-disabled=\"false\" class=\"elementor-section elementor-inner-section elementor-element elementor-element-1c957150 elementor-section-boxed elementor-section-height-default elementor-section-height-default\" data-id=\"1c957150\" data-element_type=\"section\" data-e-type=\"section\">\n\t\t\t\t\t\t<div class=\"elementor-container elementor-column-gap-default\">\n\t\t\t\t\t<div class=\"elementor-column elementor-col-100 elementor-inner-column elementor-element elementor-element-343c4f9f\" data-id=\"343c4f9f\" data-element_type=\"column\" data-e-type=\"column\" data-settings=\"{&quot;background_background&quot;:&quot;classic&quot;}\">\n\t\t\t<div class=\"elementor-widget-wrap elementor-element-populated\">\n\t\t\t\t\t\t<div class=\"elementor-element elementor-element-532f3834 elementor-widget elementor-widget-heading\" data-id=\"532f3834\" data-element_type=\"widget\" data-e-type=\"widget\" data-widget_type=\"heading.default\">\n\t\t\t\t<div class=\"elementor-widget-container\">\n\t\t\t\t\t<h2 class=\"elementor-heading-title elementor-size-default\">A Gap Service<\/h2>\t\t\t\t<\/div>\n\t\t\t\t<\/div>\n\t\t\t\t<div class=\"elementor-element elementor-element-1b1af50d elementor-widget elementor-widget-text-editor\" data-id=\"1b1af50d\" data-element_type=\"widget\" data-e-type=\"widget\" data-widget_type=\"text-editor.default\">\n\t\t\t\t<div class=\"elementor-widget-container\">\n\t\t\t\t\t\t\t\t\t<p>Alguns de nossos servi\u00e7os<\/p>\t\t\t\t\t\t\t\t<\/div>\n\t\t\t\t<\/div>\n\t\t\t\t\t<\/div>\n\t\t<\/div>\n\t\t\t\t\t<\/div>\n\t\t<\/section>\n\t\t\t\t<div class=\"elementor-element elementor-element-560ad28c elementor-widget elementor-widget-image\" data-id=\"560ad28c\" data-element_type=\"widget\" data-e-type=\"widget\" data-widget_type=\"image.default\">\n\t\t\t\t<div class=\"elementor-widget-container\">\n\t\t\t\t\t\t\t\t\t\t\t\t\t\t\t<img decoding=\"async\" width=\"1080\" height=\"720\" src=\"https:\/\/gapsolution.com.br\/wp-content\/uploads\/2023\/08\/Design-sem-nome-8.png\" class=\"attachment-full size-full wp-image-710\" alt=\"\" srcset=\"https:\/\/gapsolution.com.br\/wp-content\/uploads\/2023\/08\/Design-sem-nome-8.png 1080w, https:\/\/gapsolution.com.br\/wp-content\/uploads\/2023\/08\/Design-sem-nome-8-300x200.png 300w, https:\/\/gapsolution.com.br\/wp-content\/uploads\/2023\/08\/Design-sem-nome-8-1024x683.png 1024w, https:\/\/gapsolution.com.br\/wp-content\/uploads\/2023\/08\/Design-sem-nome-8-768x512.png 768w\" sizes=\"(max-width: 1080px) 100vw, 1080px\" \/>\t\t\t\t\t\t\t\t\t\t\t\t\t\t\t<\/div>\n\t\t\t\t<\/div>\n\t\t\t\t\t<\/div>\n\t\t<\/div>\n\t\t\t\t\t<\/div>\n\t\t<\/section>\n\t\t\t\t<section data-particle_enable=\"false\" data-particle-mobile-disabled=\"false\" class=\"elementor-section elementor-top-section elementor-element elementor-element-780fecf2 elementor-section-boxed elementor-section-height-default elementor-section-height-default\" data-id=\"780fecf2\" data-element_type=\"section\" data-e-type=\"section\" data-settings=\"{&quot;background_background&quot;:&quot;gradient&quot;}\">\n\t\t\t\t\t\t<div class=\"elementor-container elementor-column-gap-default\">\n\t\t\t\t\t<div class=\"elementor-column elementor-col-25 elementor-top-column elementor-element elementor-element-1fdc4bd3 elementor-invisible\" data-id=\"1fdc4bd3\" data-element_type=\"column\" data-e-type=\"column\" data-settings=\"{&quot;animation&quot;:&quot;slideInUp&quot;}\">\n\t\t\t<div class=\"elementor-widget-wrap elementor-element-populated\">\n\t\t\t\t\t\t<div class=\"elementor-element elementor-element-5a90a9af ekit-equal-height-disable elementor-widget elementor-widget-elementskit-icon-box\" data-id=\"5a90a9af\" data-element_type=\"widget\" data-e-type=\"widget\" data-widget_type=\"elementskit-icon-box.default\">\n\t\t\t\t<div class=\"elementor-widget-container\">\n\t\t\t\t\t<div class=\"ekit-wid-con\" >        <!-- link opening -->\n                <a href=\"#\" class=\"ekit_global_links\">\n                <!-- end link opening -->\n\n        <div class=\"elementskit-infobox text-left text-left icon-top-align elementor-animation-   \">\n                            <div class=\"elementskit-box-header\">\n                <div class=\"elementskit-info-box-icon \">\n                    <img decoding=\"async\" width=\"256\" height=\"256\" src=\"https:\/\/gapsolution.com.br\/wp-content\/uploads\/2023\/07\/Petri-Dish.png\" class=\"attachment- size-\" alt=\"\" srcset=\"https:\/\/gapsolution.com.br\/wp-content\/uploads\/2023\/07\/Petri-Dish.png 256w, https:\/\/gapsolution.com.br\/wp-content\/uploads\/2023\/07\/Petri-Dish-150x150.png 150w\" sizes=\"(max-width: 256px) 100vw, 256px\" \/>                <\/div>\n          <\/div>\n                <div class=\"box-body\">\n                            <h3 class=\"elementskit-info-box-title\">\n                    Projeto instala\u00e7\u00e3o e montagem de Salas Limpas e sistemas de HVAC;                 <\/h3>\n                                            <\/div>\n        \n        \n                <\/div>\n                <\/a>\n        <\/div>\t\t\t\t<\/div>\n\t\t\t\t<\/div>\n\t\t\t\t\t<\/div>\n\t\t<\/div>\n\t\t\t\t<div class=\"elementor-column elementor-col-25 elementor-top-column elementor-element elementor-element-71e84a12 elementor-invisible\" data-id=\"71e84a12\" data-element_type=\"column\" data-e-type=\"column\" data-settings=\"{&quot;animation&quot;:&quot;slideInUp&quot;,&quot;animation_delay&quot;:720}\">\n\t\t\t<div class=\"elementor-widget-wrap elementor-element-populated\">\n\t\t\t\t\t\t<div class=\"elementor-element elementor-element-7186fd18 ekit-equal-height-disable elementor-widget elementor-widget-elementskit-icon-box\" data-id=\"7186fd18\" data-element_type=\"widget\" data-e-type=\"widget\" data-widget_type=\"elementskit-icon-box.default\">\n\t\t\t\t<div class=\"elementor-widget-container\">\n\t\t\t\t\t<div class=\"ekit-wid-con\" >        <!-- link opening -->\n                <a href=\"#\" class=\"ekit_global_links\">\n                <!-- end link opening -->\n\n        <div class=\"elementskit-infobox text-left text-left icon-top-align elementor-animation-   \">\n                            <div class=\"elementskit-box-header\">\n                <div class=\"elementskit-info-box-icon \">\n                    <img loading=\"lazy\" decoding=\"async\" width=\"256\" height=\"256\" src=\"https:\/\/gapsolution.com.br\/wp-content\/uploads\/2023\/07\/Conical-Flask.png\" class=\"attachment- size-\" alt=\"\" srcset=\"https:\/\/gapsolution.com.br\/wp-content\/uploads\/2023\/07\/Conical-Flask.png 256w, https:\/\/gapsolution.com.br\/wp-content\/uploads\/2023\/07\/Conical-Flask-150x150.png 150w\" sizes=\"(max-width: 256px) 100vw, 256px\" \/>                <\/div>\n          <\/div>\n                <div class=\"box-body\">\n                            <h3 class=\"elementskit-info-box-title\">\n                    Projeto instala\u00e7\u00e3o e montagem de C\u00e2mara Fria e T\u00fanel de Congelamento;                <\/h3>\n                                            <\/div>\n        \n        \n                <\/div>\n                <\/a>\n        <\/div>\t\t\t\t<\/div>\n\t\t\t\t<\/div>\n\t\t\t\t\t<\/div>\n\t\t<\/div>\n\t\t\t\t<div class=\"elementor-column elementor-col-25 elementor-top-column elementor-element elementor-element-46e0a822 elementor-invisible\" data-id=\"46e0a822\" data-element_type=\"column\" data-e-type=\"column\" data-settings=\"{&quot;animation&quot;:&quot;slideInUp&quot;,&quot;animation_delay&quot;:360}\">\n\t\t\t<div class=\"elementor-widget-wrap elementor-element-populated\">\n\t\t\t\t\t\t<div class=\"elementor-element elementor-element-648d844c ekit-equal-height-disable elementor-widget elementor-widget-elementskit-icon-box\" data-id=\"648d844c\" data-element_type=\"widget\" data-e-type=\"widget\" data-widget_type=\"elementskit-icon-box.default\">\n\t\t\t\t<div class=\"elementor-widget-container\">\n\t\t\t\t\t<div class=\"ekit-wid-con\" >        <!-- link opening -->\n                <a href=\"#\" class=\"ekit_global_links\">\n                <!-- end link opening -->\n\n        <div class=\"elementskit-infobox text-left text-left icon-top-align elementor-animation-   \">\n                            <div class=\"elementskit-box-header\">\n                <div class=\"elementskit-info-box-icon \">\n                    <img loading=\"lazy\" decoding=\"async\" width=\"256\" height=\"256\" src=\"https:\/\/gapsolution.com.br\/wp-content\/uploads\/2023\/07\/Microscope.png\" class=\"attachment- size-\" alt=\"\" srcset=\"https:\/\/gapsolution.com.br\/wp-content\/uploads\/2023\/07\/Microscope.png 256w, https:\/\/gapsolution.com.br\/wp-content\/uploads\/2023\/07\/Microscope-150x150.png 150w\" sizes=\"(max-width: 256px) 100vw, 256px\" \/>                <\/div>\n          <\/div>\n                <div class=\"box-body\">\n                            <h3 class=\"elementskit-info-box-title\">\n                    Projeto instala\u00e7\u00e3o e montagem de C\u00e2mara Clim\u00e1tica\/Estabilidade;                <\/h3>\n                                            <\/div>\n        \n        \n                <\/div>\n                <\/a>\n        <\/div>\t\t\t\t<\/div>\n\t\t\t\t<\/div>\n\t\t\t\t\t<\/div>\n\t\t<\/div>\n\t\t\t\t<div class=\"elementor-column elementor-col-25 elementor-top-column elementor-element elementor-element-270f9780 elementor-invisible\" data-id=\"270f9780\" data-element_type=\"column\" data-e-type=\"column\" data-settings=\"{&quot;animation&quot;:&quot;slideInUp&quot;,&quot;animation_delay&quot;:1080}\">\n\t\t\t<div class=\"elementor-widget-wrap elementor-element-populated\">\n\t\t\t\t\t\t<div class=\"elementor-element elementor-element-7ff07a31 ekit-equal-height-disable elementor-widget elementor-widget-elementskit-icon-box\" data-id=\"7ff07a31\" data-element_type=\"widget\" data-e-type=\"widget\" data-widget_type=\"elementskit-icon-box.default\">\n\t\t\t\t<div class=\"elementor-widget-container\">\n\t\t\t\t\t<div class=\"ekit-wid-con\" >        <!-- link opening -->\n                <a href=\"#\" class=\"ekit_global_links\">\n                <!-- end link opening -->\n\n        <div class=\"elementskit-infobox text-left text-left icon-top-align elementor-animation-   \">\n                            <div class=\"elementskit-box-header\">\n                <div class=\"elementskit-info-box-icon \">\n                    <img loading=\"lazy\" decoding=\"async\" width=\"256\" height=\"256\" src=\"https:\/\/gapsolution.com.br\/wp-content\/uploads\/2023\/07\/Fleaker.png\" class=\"attachment- size-\" alt=\"\" srcset=\"https:\/\/gapsolution.com.br\/wp-content\/uploads\/2023\/07\/Fleaker.png 256w, https:\/\/gapsolution.com.br\/wp-content\/uploads\/2023\/07\/Fleaker-150x150.png 150w\" sizes=\"(max-width: 256px) 100vw, 256px\" \/>                <\/div>\n          <\/div>\n                <div class=\"box-body\">\n                            <h3 class=\"elementskit-info-box-title\">\n                    Manuten\u00e7\u00e3o preditiva, Preventiva e Corretiva de HVAC;                <\/h3>\n                                            <\/div>\n        \n        \n                <\/div>\n                <\/a>\n        <\/div>\t\t\t\t<\/div>\n\t\t\t\t<\/div>\n\t\t\t\t\t<\/div>\n\t\t<\/div>\n\t\t\t\t\t<\/div>\n\t\t<\/section>\n\t\t\t\t<section data-particle_enable=\"false\" data-particle-mobile-disabled=\"false\" class=\"elementor-section elementor-top-section elementor-element elementor-element-3ceadca elementor-section-boxed elementor-section-height-default elementor-section-height-default\" data-id=\"3ceadca\" data-element_type=\"section\" data-e-type=\"section\" data-settings=\"{&quot;background_background&quot;:&quot;gradient&quot;}\">\n\t\t\t\t\t\t<div class=\"elementor-container elementor-column-gap-default\">\n\t\t\t\t\t<div class=\"elementor-column elementor-col-25 elementor-top-column elementor-element elementor-element-b44b467 elementor-invisible\" data-id=\"b44b467\" data-element_type=\"column\" data-e-type=\"column\" data-settings=\"{&quot;animation&quot;:&quot;slideInUp&quot;}\">\n\t\t\t<div class=\"elementor-widget-wrap elementor-element-populated\">\n\t\t\t\t\t\t<div class=\"elementor-element elementor-element-3057cf7 ekit-equal-height-disable elementor-widget elementor-widget-elementskit-icon-box\" data-id=\"3057cf7\" data-element_type=\"widget\" data-e-type=\"widget\" data-widget_type=\"elementskit-icon-box.default\">\n\t\t\t\t<div class=\"elementor-widget-container\">\n\t\t\t\t\t<div class=\"ekit-wid-con\" >        <!-- link opening -->\n                <a href=\"#\" class=\"ekit_global_links\">\n                <!-- end link opening -->\n\n        <div class=\"elementskit-infobox text-left text-left icon-top-align elementor-animation-   \">\n                            <div class=\"elementskit-box-header\">\n                <div class=\"elementskit-info-box-icon \">\n                    <img decoding=\"async\" width=\"256\" height=\"256\" src=\"https:\/\/gapsolution.com.br\/wp-content\/uploads\/2023\/07\/Petri-Dish.png\" class=\"attachment- size-\" alt=\"\" srcset=\"https:\/\/gapsolution.com.br\/wp-content\/uploads\/2023\/07\/Petri-Dish.png 256w, https:\/\/gapsolution.com.br\/wp-content\/uploads\/2023\/07\/Petri-Dish-150x150.png 150w\" sizes=\"(max-width: 256px) 100vw, 256px\" \/>                <\/div>\n          <\/div>\n                <div class=\"box-body\">\n                            <h3 class=\"elementskit-info-box-title\">\n                    Com\u00e9rcio e Servi\u00e7os de Pe\u00e7as e Acess\u00f3rios para sistemas de Refrigera\u00e7\u00e3o e Automa\u00e7\u00e3o Industrial;                <\/h3>\n                                            <\/div>\n        \n        \n                <\/div>\n                <\/a>\n        <\/div>\t\t\t\t<\/div>\n\t\t\t\t<\/div>\n\t\t\t\t\t<\/div>\n\t\t<\/div>\n\t\t\t\t<div class=\"elementor-column elementor-col-25 elementor-top-column elementor-element elementor-element-f5a76ae elementor-invisible\" data-id=\"f5a76ae\" data-element_type=\"column\" data-e-type=\"column\" data-settings=\"{&quot;animation&quot;:&quot;slideInUp&quot;,&quot;animation_delay&quot;:720}\">\n\t\t\t<div class=\"elementor-widget-wrap\">\n\t\t\t\t\t\t\t<\/div>\n\t\t<\/div>\n\t\t\t\t<div class=\"elementor-column elementor-col-25 elementor-top-column elementor-element elementor-element-deb0720 elementor-invisible\" data-id=\"deb0720\" data-element_type=\"column\" data-e-type=\"column\" data-settings=\"{&quot;animation&quot;:&quot;slideInUp&quot;,&quot;animation_delay&quot;:360}\">\n\t\t\t<div class=\"elementor-widget-wrap\">\n\t\t\t\t\t\t\t<\/div>\n\t\t<\/div>\n\t\t\t\t<div class=\"elementor-column elementor-col-25 elementor-top-column elementor-element elementor-element-b6e3c74 elementor-invisible\" data-id=\"b6e3c74\" data-element_type=\"column\" data-e-type=\"column\" data-settings=\"{&quot;animation&quot;:&quot;slideInUp&quot;,&quot;animation_delay&quot;:1080}\">\n\t\t\t<div class=\"elementor-widget-wrap\">\n\t\t\t\t\t\t\t<\/div>\n\t\t<\/div>\n\t\t\t\t\t<\/div>\n\t\t<\/section>\n\t\t\t\t<\/div>\n\t\t","protected":false},"excerpt":{"rendered":"<p>A Gap Service Alguns de nossos servi\u00e7os Projeto instala\u00e7\u00e3o e montagem de Salas Limpas e sistemas de HVAC; Projeto instala\u00e7\u00e3o e montagem de C\u00e2mara Fria e T\u00fanel de Congelamento; Projeto instala\u00e7\u00e3o e montagem de C\u00e2mara Clim\u00e1tica\/Estabilidade; Manuten\u00e7\u00e3o preditiva, Preventiva e Corretiva de HVAC; Com\u00e9rcio e Servi\u00e7os de Pe\u00e7as e Acess\u00f3rios para sistemas de Refrigera\u00e7\u00e3o e [&hellip;]<\/p>\n","protected":false},"author":1,"featured_media":0,"parent":0,"menu_order":0,"comment_status":"closed","ping_status":"closed","template":"elementor_header_footer","meta":{"_eb_attr":"","footnotes":""},"class_list":["post-638","page","type-page","status-publish","hentry"],"_links":{"self":[{"href":"https:\/\/gapsolution.com.br\/index.php?rest_route=\/wp\/v2\/pages\/638","targetHints":{"allow":["GET"]}}],"collection":[{"href":"https:\/\/gapsolution.com.br\/index.php?rest_route=\/wp\/v2\/pages"}],"about":[{"href":"https:\/\/gapsolution.com.br\/index.php?rest_route=\/wp\/v2\/types\/page"}],"author":[{"embeddable":true,"href":"https:\/\/gapsolution.com.br\/index.php?rest_route=\/wp\/v2\/users\/1"}],"replies":[{"embeddable":true,"href":"https:\/\/gapsolution.com.br\/index.php?rest_route=%2Fwp%2Fv2%2Fcomments&post=638"}],"version-history":[{"count":34,"href":"https:\/\/gapsolution.com.br\/index.php?rest_route=\/wp\/v2\/pages\/638\/revisions"}],"predecessor-version":[{"id":819,"href":"https:\/\/gapsolution.com.br\/index.php?rest_route=\/wp\/v2\/pages\/638\/revisions\/819"}],"wp:attachment":[{"href":"https:\/\/gapsolution.com.br\/index.php?rest_route=%2Fwp%2Fv2%2Fmedia&parent=638"}],"curies":[{"name":"wp","href":"https:\/\/api.w.org\/{rel}","templated":true}]}}